{"id":3,"date":"2024-05-16T11:36:05","date_gmt":"2024-05-16T11:36:05","guid":{"rendered":"https:\/\/rabattage.de\/?page_id=3"},"modified":"2024-06-01T12:41:36","modified_gmt":"2024-06-01T12:41:36","slug":"privacy-policy","status":"publish","type":"page","link":"https:\/\/rabattage.de\/iso-639-2\/privacy-policy\/","title":{"rendered":"Datenschutz-Bestimmungen"},"content":{"rendered":"\n<p><strong>Wer wir sind?<\/strong><br>https:\/\/rabattage.de\/<\/p>\n\n\n\n<p><strong>Wir nehmen Ihre Privatsph\u00e4re sehr ernst.<\/strong><br>Es ist uns wichtig, dass Sie genau verstehen, wie Rabattage.de funktioniert und wie sich dies auf Ihre Privatsph\u00e4re auswirkt. Wir bem\u00fchen uns, Beziehungen zu Werbe- und Fulfillment-Partnern aufzubauen, die auch an Ihre Privatsph\u00e4re glauben und diese respektieren. Obwohl wir die Websites unserer Partner von Drittanbietern nicht kontrollieren, empfehlen wir unseren Partnern nachdr\u00fccklich, Datenschutzrichtlinien klar und deutlich zu ver\u00f6ffentlichen und die Informationen ihrer Benutzer zu sch\u00fctzen. Individuell identifizierbare Informationen \u00fcber Sie werden ohne Ihre vorherige Erlaubnis nicht absichtlich an Dritte weitergegeben, wie in dieser Datenschutzrichtlinie erl\u00e4utert. Alle Mitarbeiter von Rabattage.de sowie deren Familien und Freunde sind Nutzer von Rabattage.de. Seien Sie versichert, Ihre pers\u00f6nlichen Daten werden genauso gesch\u00fctzt wie wir unsere eigenen oder die der Menschen, die uns am n\u00e4chsten stehen.<br>Geltungsbereich: Diese Datenschutzrichtlinie gilt f\u00fcr Informationen, einschlie\u00dflich pers\u00f6nlicher Informationen, die von Rabattage.de, seinen Websites, der auf diesen Websites verf\u00fcgbaren Software und seinen verbundenen Unternehmen \u00fcber Sie gesammelt wurden.<\/p>\n\n\n\n<p><strong>Highlights:<\/strong><\/p>\n\n\n\n<p>Informationssammlung \u2013 Wir sammeln pers\u00f6nliche Informationen \u00fcber Sie aus verschiedenen Quellen, darunter:<\/p>\n\n\n\n<p>Wenn Sie uns Informationen direkt zur Verf\u00fcgung stellen.<\/p>\n\n\n\n<p>Wenn Sie unsere Website besuchen oder unsere Produkte und Dienstleistungen nutzen.<\/p>\n\n\n\n<p>\u00dcber Dienste von Drittanbietern wie unsere Partnerpartnerschaften, Handelsmarkenpartnerschaften und die Registrierung \u00fcber Facebook Connect.<\/p>\n\n\n\n<p>Verwendung von Informationen \u2013 Wir verwenden Ihre pers\u00f6nlichen Informationen, um Ihre Identit\u00e4t zu validieren, mit Ihnen zu kommunizieren, Ihnen ein individuelles Web-Erlebnis zu bieten und gesetzliche und beh\u00f6rdliche Verpflichtungen zu erf\u00fcllen.<\/p>\n\n\n\n<p>Kontakt \u2013 Rabattage.de empfiehlt Ihnen, uns Feedback zu dieser Datenschutzrichtlinie zu geben. Wenn Sie Fragen, Kommentare oder Bedenken zu dieser Datenschutzrichtlinie haben, senden Sie bitte eine E-Mail an: RabattageOfficial@gmail.com<br>Informationssammlung: Wir sammeln nicht pers\u00f6nlich identifizierbare Informationen (nicht personenbezogene Daten) und personenbezogene Daten (personenbezogene Daten) von unseren Kunden und Besuchern unserer Websites sowie von Benutzern unserer herunterladbaren Anwendungen. Wir sammeln personenbezogene Daten nur, wenn ein Kunde dies ausdr\u00fccklich zur Verf\u00fcgung stellt, beispielsweise bei der Registrierung bei Rabattage.de und der E-Mail an Rabattage.de \u00fcber unser Online-Kontaktformular. Wenn wir die nicht pers\u00f6nlich identifizierbaren Informationen mit pers\u00f6nlich identifizierbaren Informationen kombinieren, werden wir die kombinierten Informationen gem\u00e4\u00df dieser Datenschutzrichtlinie als pers\u00f6nliche Informationen (PII) behandeln.<\/p>\n\n\n\n<p>Erfassung und Verwendung personenbezogener Daten (PII) Wir erfassen und speichern personenbezogene Daten, wenn Sie sich als Rabattage.de-Benutzer registrieren, eine Frage stellen, ein Formular ausf\u00fcllen oder uns eine E-Mail senden. Wir verwenden Ihre pers\u00f6nlichen Daten, um Ihnen ein individuelles Webprofil zur Verf\u00fcgung zu stellen, Ihre Identit\u00e4t zu \u00fcberpr\u00fcfen, unsere Produkte zu verbessern, Sie \u00fcber wichtige Aktualisierungen zu informieren, auf Ihre Anfragen zu reagieren und gesetzliche und beh\u00f6rdliche Verpflichtungen zu erf\u00fcllen. Die Produkte und Einstellungen, die Sie in Ihrem Rabattage.de-Konto eingerichtet haben, werden f\u00fcr Binnenmarktforschungsaktivit\u00e4ten verwendet, die von Rabattage.de als notwendig erachtet werden.<\/p>\n\n\n\n<p>Ihre PII-Informationen werden aus keiner anderen Quelle erg\u00e4nzt. Keine Ihrer pers\u00f6nlichen Daten wird ohne Ihre Erlaubnis an Dritte weitergegeben.<\/p>\n\n\n\n<p><strong>Wir sammeln personenbezogene Daten auf folgende Weise:<\/strong><\/p>\n\n\n\n<p>Kontaktformular: Wenn Sie das Kontaktformular auf Rabattage.de verwenden, sammeln wir Ihre E-Mail- und Browserinformationen, um Ihre Frage angemessen zu beantworten. Wir speichern diese Informationen nicht und verwenden sie nur, um Ihre Frage zu beantworten oder Ihnen technischen Support zu bieten.<\/p>\n\n\n\n<p>Registrierung: W\u00e4hrend des Registrierungsprozesses haben Sie die M\u00f6glichkeit, sich bei Facebook zu registrieren oder ein eigenes Profil zu erstellen. Die Registrierung ist wichtig, damit der Benutzer seine Beitr\u00e4ge verfolgen kann. Au\u00dferdem wird sichergestellt, dass die von jedem Benutzer erzielten Einnahmen an die von ihm unterst\u00fctzten Wohlt\u00e4tigkeitsorganisationen verteilt werden.<br>Erstellen eines Profils: Wenn Sie sich f\u00fcr die Erstellung eines eigenen Kontos entscheiden, werden Sie nach Ihrer E-Mail-Adresse, Ihrem Benutzernamen und Ihrem Passwort gefragt, um vollst\u00e4ndige Transparenz zu gew\u00e4hrleisten. Bei der Registrierung haben Sie die M\u00f6glichkeit, Marketing-E-Mails wie Sonderangebote und Rabatte von unseren Partnergesch\u00e4ften abzulehnen.<br>Facebook Connect: Sie k\u00f6nnen sich mit dem Facebook Connect-Anmeldedienst auf unserer Website anmelden. Dieser Service authentifiziert Ihre Identit\u00e4t und gibt Ihnen die M\u00f6glichkeit, mit uns \u00fcber die Anwendung Rabattage.de zu kommunizieren und Informationen \u00fcber Ihre Aktivit\u00e4ten auf dieser Website auf Ihrer Profilseite zu ver\u00f6ffentlichen, um sie mit anderen in Ihrem Netzwerk zu teilen. Facebook liefert uns Ihre grundlegenden Informationen wie Ihren Benutzernamen, Ihr Profilbild, Ihre Benutzer-ID sowie Ihre E-Mail-Adresse. Wenn Sie Ihre E-Mail nicht angeben, k\u00f6nnen Sie sie in eine anonyme E-Mail-Adresse \u00e4ndern.<\/p>\n\n\n\n<p>Funktionen zum Einladen von Freunden: Wir verwenden Facebook, Twitter, MySpace, LinkedIn, AddThis und ShareThis, um Dienste zum Einladen eines Freundes bereitzustellen. Diese Dienste authentifizieren Ihre Identit\u00e4t und geben Ihnen die M\u00f6glichkeit, Ihre Freunde und Kontakte zur Nutzung von Rabattage.de einzuladen. Wir haben keinen Zugriff auf oder keine Kontrolle \u00fcber personenbezogene Daten, die an diese Dienste \u00fcbermittelt werden. Da wir die Aktivit\u00e4ten Dritter nicht kontrollieren k\u00f6nnen, k\u00f6nnen wir keine Verantwortung f\u00fcr die Verwendung Ihrer personenbezogenen Daten durch diese Dritten \u00fcbernehmen und k\u00f6nnen nicht garantieren, dass diese dieselben Datenschutzpraktiken wie Rabattage.de einhalten. Wir empfehlen Ihnen, die Datenschutzerkl\u00e4rungen aller anderen Dienstanbieter zu lesen, bei denen Sie Dienste anfordern. Wenn Sie eine Website eines Drittanbieters besuchen, die mit einer Rabattage.de-Website verlinkt ist, sollten Sie die Datenschutzerkl\u00e4rung dieser Website lesen, bevor Sie personenbezogene Daten angeben.<br>Altersbeschr\u00e4nkungen f\u00fcr Rabattage.de-Benutzer: In \u00dcbereinstimmung mit dem Gesetz zum Schutz der Online-Privatsph\u00e4re von Kindern (COPPA) gestatten wir nicht die Verwendung unserer Produkte oder das Sammeln von personenbezogenen Daten von Personen unter 18 Jahren. Wir ergreifen Ma\u00dfnahmen, um die Verbreitung von zu verhindern Unsere Software auf Websites f\u00fcr Kinder unter 18 Jahren verhindert, dass unsere Vertriebspartner, verbundenen Unternehmen und Handelsmarkenpartnerschaften eine solche Verteilung durchf\u00fchren. Wir haben eine wirtschaftlich angemessene Kontrolle dar\u00fcber, wo Anzeigen erscheinen, die die Installation unserer zertifizierten Software f\u00f6rdern. Dar\u00fcber hinaus ergreifen wir Ma\u00dfnahmen, um unsere Inhalte von Personen unter 18 Jahren zu entfernen und gespeicherte Informationen \u00fcber die Person aus unserer Datenbank zu entfernen.<\/p>\n\n\n\n<p><strong>Aktualisieren Ihrer pers\u00f6nlichen Daten:<\/strong><\/p>\n\n\n\n<p>Ein Benutzer kann \u00fcber ein sicheres Login auf unserer Website auf seine personenbezogenen Daten zugreifen. Wenn sich Ihre personenbezogenen Daten \u00e4ndern, k\u00f6nnen Sie diese im Abschnitt \u201cMein Profil&#8221; unserer Website korrigieren oder aktualisieren. Wenn Sie unsere Dienste nicht mehr w\u00fcnschen, k\u00f6nnen Sie Ihre personenbezogenen Daten l\u00f6schen oder deaktivieren, indem Sie uns eine E-Mail an RabattageOfficial@gmail.com senden<\/p>\n\n\n\n<p>Erfassung und Verwendung von Informationen durch Rabattage.de-Websites (nicht personenbezogene Daten) Einige der Informationen, die Rabattage \u00fcber Ihren Besuch auf Rabattage.de erh\u00e4lt, und jede Rabattage.de-Website mit White-Label-Marke k\u00f6nnen f\u00fcr unsere interne Forschung und zur Verbesserung verwendet werden die Website und die Dienstleistungen, die Rabattage.de seinen Kunden anbietet. Im Allgemeinen werden die Internetadressen von Computern, auch als IP-Adressen bezeichnet, protokolliert, um Benutzersitzungen anonym zu verfolgen. Rabattage.de analysiert diese Daten auf bestimmte Trends und Statistiken, z. B. welche Teile unserer Website-Benutzer besuchen, wie lange sie dort verbringen, Browsertyp und Serverlast. Die IP-Adressverfolgung erfolgt in aggregierter Form und wir verkn\u00fcpfen diese Informationen nicht mit personenbezogenen Daten. Diese Informationen werden von fast allen wichtigen Webservern automatisch erfasst.<\/p>\n\n\n\n<p>Wir k\u00f6nnen die oben aufgef\u00fchrten Nicht-PII-Informationen f\u00fcr folgende Zwecke verwenden:<\/p>\n\n\n\n<p>Erf\u00fcllen Sie Ihre Anfragen nach Produkten und Dienstleistungen;<\/p>\n\n\n\n<p>Verwalten Sie Ihr Benutzerkonto und Ihre Einstellungen.<\/p>\n\n\n\n<p>Analyse der Nutzung und Verbesserung unserer Website, Produkte und Dienstleistungen;<\/p>\n\n\n\n<p>Erleichterung der Nutzung unserer Website;<\/p>\n\n\n\n<p>Bieten Sie Werbeaktionen und Updates von unseren Partnern an, die f\u00fcr Sie von Interesse sein k\u00f6nnten.<\/p>\n\n\n\n<p>Passen Sie den Inhalt an, den Sie auf unserer Website sehen.<\/p>\n\n\n\n<p>Identifizierung und Schutz vor betr\u00fcgerischen Transaktionen und anderen Missbr\u00e4uchen unserer Website; und<\/p>\n\n\n\n<p>Anzeigenausrichtung<\/p>\n\n\n\n<p>Marktforschung<\/p>\n\n\n\n<p>Erzwingen Sie unsere Nutzungsbedingungen<\/p>\n\n\n\n<p>Erfassung und Verwendung von Informationen durch die Rabattage.de Browser App (PII)<\/p>\n\n\n\n<p>Um die Rabattage.de App (Produkt) nutzen zu k\u00f6nnen, werden Sie m\u00f6glicherweise aufgefordert, bei der Registrierung bestimmte Informationen wie pers\u00f6nliche Informationen (einschlie\u00dflich Ihrer E-Mail-Adresse, Ihres Benutzernamens und Ihres Passworts) anzugeben. Sie geben alle diese Informationen freiwillig an. Rabattage.de verwendet diese Informationen nicht zum Anzeigen von Anzeigen oder zur Erstellung von Profilen und verkauft, vermietet oder verleast solche Informationen nicht an Dritte.<\/p>\n\n\n\n<p>Unser Produkt sammelt automatisch Informationen von Ihnen, um die Dienstleistungen des Produkts zu aktivieren. Zu den gesammelten Informationen geh\u00f6ren die IP-Adresse, Browserdetails, der Transaktionsverlauf des H\u00e4ndlers und Suchschl\u00fcsselw\u00f6rter. Durch die Installation des Produkts erm\u00e4chtigen Sie Rabattage.de, regelm\u00e4\u00dfig bestimmte Informationen wie Teile von Website-Adressen oder vollst\u00e4ndige URLs von den von Ihnen besuchten Websites zu sammeln und diese Informationen auf unsere Server hochzuladen, damit wir Ihre Rabattage-Erfahrung verbessern k\u00f6nnen. Das Produkt sammelt, speichert oder verwendet keine personenbezogenen Daten, und Rabattage erh\u00e4lt aufgrund Ihrer Verwendung dieser Software keine personenbezogenen Daten.<\/p>\n\n\n\n<p>Sammlung personenbezogener Daten von Drittanbietern: Wir unterhalten Gesch\u00e4ftsbeziehungen mit Drittunternehmen und verbundenen Anbietern und bieten Mitgliedern solcher Unternehmen in einer Handelsmarkenumgebung einzigartige Dienstleistungen an. Einige Seiten unserer Website enthalten m\u00f6glicherweise sowohl die Marke Rabattage.de als auch die Marke eines Drittanbieters. Der Dritte darf die personalisierten Dienste nicht zum Sammeln von personenbezogenen Daten verwenden und ist dazu untersagt. Diese Datenschutzrichtlinie gilt f\u00fcr alle Seiten in der personalisierten Umgebung.<\/p>\n\n\n\n<p>Wenn Sie unsere Website betreten oder unsere App heruntergeladen haben, indem Sie auf einen verbundenen Link oder eine Werbung von einer anderen Website geklickt haben, speichern wir die ID dieser verbundenen Website in unserer Datenbank. Wir tun dies, um sicherzustellen, dass die Partner-Website eine angemessene Gutschrift f\u00fcr alle nachfolgenden Einnahmen erh\u00e4lt, die durch die Verwendung von Rabattage-Produkten entstehen.<\/p>\n\n\n\n<p>Wir behalten uns das Recht vor, Ihre personenbezogenen Daten gem\u00e4\u00df den gesetzlichen Bestimmungen weiterzugeben und wenn wir der Ansicht sind, dass es erforderlich ist, die Rechte unseres Unternehmens zu sch\u00fctzen und \/ oder gesetzliche Richtlinien, Gerichtsmandate oder Rechtsverfahren einzuhalten, die auf unserer Website bereitgestellt werden.<\/p>\n\n\n\n<p>Wir erlauben Benutzern auch, sich \u00fcber Facebook Connect f\u00fcr unser Produkt zu registrieren. Wir behandeln Informationen aus solchen Quellen wie Informationen aus einem Registrierungsformular. Wir werden die vom Benutzer \u00fcbermittelten Informationen nicht f\u00fcr andere Zwecke als die zuvor in der Datenschutzvereinbarung angegebenen verwenden.<\/p>\n\n\n\n<p><strong>GDPR-Datenschutz:<\/strong><\/p>\n\n\n\n<p>Wir werden angemessene technische und organisatorische Vorkehrungen treffen, um den Verlust, den Missbrauch oder die \u00c4nderung Ihrer pers\u00f6nlichen Daten zu verhindern.<br>Wir speichern alle von Ihnen angegebenen pers\u00f6nlichen Daten auf unseren sicheren (passwort- und firewallgesch\u00fctzten) Servern.<br>Alle \u00fcber unsere Website get\u00e4tigten elektronischen Finanztransaktionen werden durch Verschl\u00fcsselungstechnologie gesch\u00fctzt.<br>Sie erkennen an, dass die \u00dcbertragung von Informationen \u00fcber das Internet von Natur aus unsicher ist und wir die Sicherheit der \u00fcber das Internet gesendeten Daten nicht garantieren k\u00f6nnen.<br>Sie sind daf\u00fcr verantwortlich, das Passwort, das Sie f\u00fcr den Zugriff auf unsere Website verwenden, vertraulich zu behandeln. Wir werden Sie nicht nach Ihrem Passwort fragen (au\u00dfer wenn Sie sich auf unserer Website anmelden).<\/p>\n\n\n\n<p><strong>Kekse<\/strong><\/p>\n\n\n\n<p>Wenn Sie die Rabattage-Browser-App herunterladen, senden wir eine kleine Datei an Ihren Computer, die Ihre Browser-App eindeutig identifiziert. Diese Datei wird als Cookie bezeichnet. Wir verwenden dieses Cookie, um Sie als Benutzer von Rabattage.de zu identifizieren, und es erleichtert die Anzeige der Einstellungen, Einstellungen und Anpassungsoptionen, die Sie f\u00fcr Ihre Rabattage-Produkte ausgew\u00e4hlt haben. Ihr Browser ist wahrscheinlich standardm\u00e4\u00dfig so eingerichtet, dass Cookies akzeptiert werden, einschlie\u00dflich Rabattage.de-Cookies. Sie k\u00f6nnen jedoch Ihren Browser zur\u00fccksetzen, um alle Cookies abzulehnen oder Sie zu benachrichtigen, wenn ein Cookie an Ihren Computer gesendet wird. Beachten Sie jedoch, dass einige Funktionen von Rabattage m\u00f6glicherweise nicht ordnungsgem\u00e4\u00df funktionieren, wenn Sie Cookies auf Ihrem Computer deaktivieren.<\/p>\n\n\n\n<p><strong>Informationssicherheit<\/strong>:<\/p>\n\n\n\n<p>Um unbefugten Zugriff zu verhindern, die Datengenauigkeit zu wahren und die ordnungsgem\u00e4\u00dfe Verwendung von Informationen sicherzustellen, hat Rabattage.de geeignete physische, elektronische und Verwaltungsverfahren eingerichtet, um alle pers\u00f6nlichen Daten, die Rabattage.de online sammelt, zu sch\u00fctzen und zu sichern. Diese Sicherheitsma\u00dfnahmen umfassen interne \u00dcberpr\u00fcfungen unserer Datenerfassungs-, Speicherungs- und Verarbeitungspraktiken und Sicherheitsma\u00dfnahmen sowie physische Sicherheitsma\u00dfnahmen zum Schutz vor unbefugtem Zugriff auf Systeme, auf denen wir Ihre pers\u00f6nlichen Daten speichern.<\/p>\n\n\n\n<p>Dar\u00fcber hinaus beschr\u00e4nken wir den Zugriff auf personenbezogene Daten nur auf Mitarbeiter und Auftragnehmer von Rabattage.de, die diese Informationen ben\u00f6tigen, um unsere Dienste betreiben, entwickeln oder verbessern zu k\u00f6nnen. Diese Parteien sind zur Vertraulichkeit verpflichtet und k\u00f6nnen Disziplin, einschlie\u00dflich K\u00fcndigung und strafrechtlicher Verfolgung, unterliegen, wenn sie diesen Verpflichtungen nicht nachkommen. Leider kann kein Sicherheitssystem 100% sicher sein. Trotzdem kann Rabattage die Sicherheit von Informationen, die uns im Zusammenhang mit den Informationen, die wir \u00fcber unsere Website und Browser-App sammeln, zur Verf\u00fcgung gestellt werden, nicht garantieren.<\/p>\n\n\n\n<p><strong>Links und empfohlene Websites:<\/strong><\/p>\n\n\n\n<p>Rabattage-Produkte enthalten Links zu anderen Websites. Diese Datenschutzerkl\u00e4rung gilt ausschlie\u00dflich f\u00fcr Giving Rabattage und Websites. Rabattage gibt keine Zusicherungen oder Gew\u00e4hrleistungen in Bezug auf die Datenschutzpraktiken anderer Websites ab und ist auch nicht daf\u00fcr verantwortlich. Wenn Sie eine verlinkte Website (\u00fcber unsere Produkte oder unsere Website) betreten, empfiehlt Rabattage, die Datenschutzrichtlinie dieser verlinkten Website zu lesen, da deren Datenschutzrichtlinie erheblich von der von www.Rabattage.de abweichen kann.<\/p>\n\n\n\n<p><strong>\u00c4nderungen der Datenschutzrichtlinie von Rabattage.de<\/strong><\/p>\n\n\n\n<p>Durch die Nutzung der Rabattage-Produkte und unserer Website stimmen Sie der Erfassung und Verwendung Ihrer Daten zu, wie in dieser Richtlinie und in der Nutzungsvereinbarung von Rabattage beschrieben. Rabattage.de kann von Zeit zu Zeit beschlie\u00dfen, diese Datenschutzrichtlinie zu \u00e4ndern. Wenn wir dies tun, senden wir Ihnen eine Benachrichtigung \u00fcber die wesentliche \u00c4nderung bei der Installation des Updates per E-Mail oder \u00fcber eine andere offensichtliche Methode, z. B. das Posten der Benachrichtigung in Ihrem Konto-Dashboard. Dar\u00fcber hinaus werden wir diese \u00c4nderungen auf dieser Seite ver\u00f6ffentlichen, damit Sie immer \u00fcber die von uns gesammelten Informationen informiert sind, wie wir sie verwenden und unter welchen Umst\u00e4nden wir sie offenlegen. Wenn Sie nicht m\u00f6chten, dass Ihre Informationen im Rahmen der neuen Richtlinie verwendet werden, k\u00f6nnen Sie jederzeit die L\u00f6schung Ihres Kontos und aller zugeh\u00f6rigen Daten beantragen. Sie k\u00f6nnen unsere Produkte auch jederzeit mit Standard-Deinstallationsmethoden deinstallieren.<\/p>\n","protected":false},"excerpt":{"rendered":"<p>Wer wir sind?https:\/\/rabattage.de\/ Wir nehmen Ihre Privatsph\u00e4re sehr ernst.Es ist uns wichtig, dass Sie genau verstehen, wie Rabattage.de funktioniert und wie sich dies auf Ihre Privatsph\u00e4re auswirkt. Wir bem\u00fchen uns, Beziehungen zu Werbe- und Fulfillment-Partnern aufzubauen, die auch an Ihre Privatsph\u00e4re glauben und diese respektieren. Obwohl wir die Websites unserer Partner von Drittanbietern nicht kontrollieren,&#8230;<\/p>\n","protected":false},"author":1,"featured_media":0,"parent":0,"menu_order":0,"comment_status":"closed","ping_status":"closed","template":"","meta":{"footnotes":""},"yoast_head":"<!-- This site is optimized with the Yoast SEO plugin v22.7 - https:\/\/yoast.com\/wordpress\/plugins\/seo\/ -->\n<title>Datenschutz-Bestimmungen<\/title>\n<meta name=\"robots\" content=\"index, follow, max-snippet:-1, max-image-preview:large, max-video-preview:-1\" \/>\n<link rel=\"canonical\" href=\"https:\/\/rabattage.de\/iso-639-2\/privacy-policy\/\" \/>\n<meta property=\"og:locale\" content=\"de_DE\" \/>\n<meta property=\"og:locale:alternate\" content=\"en_US\" \/>\n<meta property=\"og:type\" content=\"article\" \/>\n<meta property=\"og:title\" content=\"Datenschutz-Bestimmungen\" \/>\n<meta property=\"og:description\" content=\"Wer wir sind?https:\/\/rabattage.de\/ Wir nehmen Ihre Privatsph\u00e4re sehr ernst.Es ist uns wichtig, dass Sie genau verstehen, wie Rabattage.de funktioniert und wie sich dies auf Ihre Privatsph\u00e4re auswirkt. Wir bem\u00fchen uns, Beziehungen zu Werbe- und Fulfillment-Partnern aufzubauen, die auch an Ihre Privatsph\u00e4re glauben und diese respektieren. Obwohl wir die Websites unserer Partner von Drittanbietern nicht kontrollieren,...\" \/>\n<meta property=\"og:url\" content=\"https:\/\/rabattage.de\/iso-639-2\/privacy-policy\/\" \/>\n<meta property=\"og:site_name\" content=\"Rabattage\" \/>\n<meta property=\"article:modified_time\" content=\"2024-06-01T12:41:36+00:00\" \/>\n<meta name=\"twitter:card\" content=\"summary_large_image\" \/>\n<meta name=\"twitter:label1\" content=\"Gesch\u00e4tzte Lesezeit\" \/>\n\t<meta name=\"twitter:data1\" content=\"10\u00a0Minuten\" \/>\n<script type=\"application\/ld+json\" class=\"yoast-schema-graph\">{\"@context\":\"https:\/\/schema.org\",\"@graph\":[{\"@type\":\"WebPage\",\"@id\":\"https:\/\/rabattage.de\/privacy-policy\/\",\"url\":\"https:\/\/rabattage.de\/privacy-policy\/\",\"name\":\"Datenschutz-Bestimmungen\",\"isPartOf\":{\"@id\":\"https:\/\/rabattage.de\/#website\"},\"datePublished\":\"2024-05-16T11:36:05+00:00\",\"dateModified\":\"2024-06-01T12:41:36+00:00\",\"breadcrumb\":{\"@id\":\"https:\/\/rabattage.de\/privacy-policy\/#breadcrumb\"},\"inLanguage\":\"de-DE\",\"potentialAction\":[{\"@type\":\"ReadAction\",\"target\":[\"https:\/\/rabattage.de\/privacy-policy\/\"]}]},{\"@type\":\"BreadcrumbList\",\"@id\":\"https:\/\/rabattage.de\/privacy-policy\/#breadcrumb\",\"itemListElement\":[{\"@type\":\"ListItem\",\"position\":1,\"name\":\"Home\",\"item\":\"https:\/\/rabattage.de\/\"},{\"@type\":\"ListItem\",\"position\":2,\"name\":\"Datenschutz-Bestimmungen\"}]},{\"@type\":\"WebSite\",\"@id\":\"https:\/\/rabattage.de\/#website\",\"url\":\"https:\/\/rabattage.de\/\",\"name\":\"Rabattage\",\"description\":\"Rabattcodes and Gutscheine\",\"potentialAction\":[{\"@type\":\"SearchAction\",\"target\":{\"@type\":\"EntryPoint\",\"urlTemplate\":\"https:\/\/rabattage.de\/?s={search_term_string}\"},\"query-input\":\"required name=search_term_string\"}],\"inLanguage\":\"de-DE\"}]}<\/script>\n<!-- \/ Yoast SEO plugin. -->","yoast_head_json":{"title":"Datenschutz-Bestimmungen","robots":{"index":"index","follow":"follow","max-snippet":"max-snippet:-1","max-image-preview":"max-image-preview:large","max-video-preview":"max-video-preview:-1"},"canonical":"https:\/\/rabattage.de\/iso-639-2\/privacy-policy\/","og_locale":"de_DE","og_type":"article","og_title":"[:en]Datenschutz-Bestimmungen[:] - Rabattage","og_description":"Wer wir sind?https:\/\/rabattage.de\/ Wir nehmen Ihre Privatsph\u00e4re sehr ernst.Es ist uns wichtig, dass Sie genau verstehen, wie Rabattage.de funktioniert und wie sich dies auf Ihre Privatsph\u00e4re auswirkt. Wir bem\u00fchen uns, Beziehungen zu Werbe- und Fulfillment-Partnern aufzubauen, die auch an Ihre Privatsph\u00e4re glauben und diese respektieren. Obwohl wir die Websites unserer Partner von Drittanbietern nicht kontrollieren,...","og_url":"https:\/\/rabattage.de\/iso-639-2\/privacy-policy\/","og_site_name":"Rabattage","article_modified_time":"2024-06-01T12:41:36+00:00","twitter_card":"summary_large_image","twitter_misc":{"Gesch\u00e4tzte Lesezeit":"10\u00a0Minuten"},"schema":{"@context":"https:\/\/schema.org","@graph":[{"@type":"WebPage","@id":"https:\/\/rabattage.de\/privacy-policy\/","url":"https:\/\/rabattage.de\/privacy-policy\/","name":"Datenschutz-Bestimmungen","isPartOf":{"@id":"https:\/\/rabattage.de\/#website"},"datePublished":"2024-05-16T11:36:05+00:00","dateModified":"2024-06-01T12:41:36+00:00","breadcrumb":{"@id":"https:\/\/rabattage.de\/privacy-policy\/#breadcrumb"},"inLanguage":"de-DE","potentialAction":[{"@type":"ReadAction","target":["https:\/\/rabattage.de\/privacy-policy\/"]}]},{"@type":"BreadcrumbList","@id":"https:\/\/rabattage.de\/privacy-policy\/#breadcrumb","itemListElement":[{"@type":"ListItem","position":1,"name":"Home","item":"https:\/\/rabattage.de\/"},{"@type":"ListItem","position":2,"name":"Datenschutz-Bestimmungen"}]},{"@type":"WebSite","@id":"https:\/\/rabattage.de\/#website","url":"https:\/\/rabattage.de\/","name":"Rabattage","description":"Rabattcodes and Gutscheine","potentialAction":[{"@type":"SearchAction","target":{"@type":"EntryPoint","urlTemplate":"https:\/\/rabattage.de\/?s={search_term_string}"},"query-input":"required name=search_term_string"}],"inLanguage":"de-DE"}]}},"_links":{"self":[{"href":"https:\/\/rabattage.de\/iso-639-2\/wp-json\/wp\/v2\/pages\/3"}],"collection":[{"href":"https:\/\/rabattage.de\/iso-639-2\/wp-json\/wp\/v2\/pages"}],"about":[{"href":"https:\/\/rabattage.de\/iso-639-2\/wp-json\/wp\/v2\/types\/page"}],"author":[{"embeddable":true,"href":"https:\/\/rabattage.de\/iso-639-2\/wp-json\/wp\/v2\/users\/1"}],"replies":[{"embeddable":true,"href":"https:\/\/rabattage.de\/iso-639-2\/wp-json\/wp\/v2\/comments?post=3"}],"version-history":[{"count":3,"href":"https:\/\/rabattage.de\/iso-639-2\/wp-json\/wp\/v2\/pages\/3\/revisions"}],"predecessor-version":[{"id":148,"href":"https:\/\/rabattage.de\/iso-639-2\/wp-json\/wp\/v2\/pages\/3\/revisions\/148"}],"wp:attachment":[{"href":"https:\/\/rabattage.de\/iso-639-2\/wp-json\/wp\/v2\/media?parent=3"}],"curies":[{"name":"wp","href":"https:\/\/api.w.org\/{rel}","templated":true}]}}